{"id":2,"date":"2022-11-12T12:24:27","date_gmt":"2022-11-12T12:24:27","guid":{"rendered":"http:\/\/ecovations.org\/?page_id=2"},"modified":"2023-11-21T11:14:21","modified_gmt":"2023-11-21T11:14:21","slug":"learn-german","status":"publish","type":"page","link":"https:\/\/www.ecovations.de\/?page_id=2","title":{"rendered":"Learn German \/ Deutsch als Fremdsprache"},"content":{"rendered":"\n<p>Ich habe das letzte halbe Jahr meine interessierten ausl\u00e4ndischen KollegInnen einmal die Woche in Deutsch unterrichten d\u00fcrfen. Als roter Faden und als Begleitmaterial diente die von der <a href=\"https:\/\/learngerman.dw.com\/de\/nicos-weg\/c-36519718\">Deutschen Welle f\u00fcr alle kostenfrei bereit gestellte Telenovella Nico&#8217;s Weg auf Niveau B1<\/a>. Die jeweiligen Themen wurden als Vorbereitung mitgegeben (flipped class room) und im Unterricht aufgegriffen und mit eigenen Materialien und \u00dcbungen erg\u00e4nzt. <\/p>\n\n\n\n<p>Um der Heterogentit\u00e4t der Lerngruppe gerecht zu werden, wurde auf M\u00f6glichkeiten der Binnendifferenzierung geachtet. So auch in der Vorbereitung: durch das Auslassen von jeweils zwei Themen, konnten diejenigen, die mehr Bedarf hatten, ihre L\u00fccken auff\u00fcllen und das individuelle, autonome Lernen wurde gef\u00f6rdert. Es wurde den Lernenden mit Nico&#8217;s Weg eine M\u00f6glichkeit an die Hand gegeben, \u00fcber den Unterricht hinaus auf unterhaltsame Weise jederzeit und von \u00fcberall multimedial weiter lernen zu k\u00f6nnen.<\/p>\n\n\n\n<figure class=\"wp-block-image size-full\"><img loading=\"lazy\" decoding=\"async\" width=\"639\" height=\"252\" src=\"https:\/\/www.ecovations.de\/wp-content\/uploads\/2023\/10\/nicos-weg-b1.png\" alt=\"\" class=\"wp-image-131\" srcset=\"https:\/\/www.ecovations.de\/wp-content\/uploads\/2023\/10\/nicos-weg-b1.png 639w, https:\/\/www.ecovations.de\/wp-content\/uploads\/2023\/10\/nicos-weg-b1-300x118.png 300w\" sizes=\"auto, (max-width: 639px) 100vw, 639px\" \/><\/figure>\n\n\n\n<p>Der Kurs fand zu 100% Online statt (via MS Teams), hat sehr gut geklappt und ich m\u00f6chte hier meine Materialien inklusive Unterrichtsskizzen teilen, falls z.B. jemand darauf aufbauen m\u00f6chte. <a href=\"https:\/\/drive.google.com\/drive\/folders\/1lxcd-3LyeWmPcKmsYAUBrYdyQiQjFiyl\" data-type=\"link\" data-id=\"https:\/\/drive.google.com\/drive\/folders\/1lxcd-3LyeWmPcKmsYAUBrYdyQiQjFiyl\">Das Material befindet sich auf Google Drive (hier klicken)<\/a>. Konzeptionell wurde im wesentlichen auf das Konzept des <a href=\"https:\/\/en.wikipedia.org\/wiki\/Task-based_language_learning\">Task Based Language Learnings<\/a> gesetzt, also mit vorbereitenden \u00dcbungen auf die Ausf\u00fchrung einer Hauptaufgabe hin gearbeitet, mit abschlie\u00dfendem Review. F\u00fcr diejenigen, die selbst mit MS Teams unterrichten oder es evtl. vor haben, sind <a href=\"https:\/\/www.ecovations.de\/index.php\/2023\/01\/22\/sprachunterricht-via-ms-teams\">hier ein paar Tipps \/ Erfahrungswerte von mir<\/a> zu finden.<\/p>\n\n\n\n<figure class=\"wp-block-image size-large\"><a href=\"https:\/\/drive.google.com\/drive\/folders\/1lxcd-3LyeWmPcKmsYAUBrYdyQiQjFiyl\"><img loading=\"lazy\" decoding=\"async\" width=\"1024\" height=\"470\" src=\"https:\/\/www.ecovations.de\/wp-content\/uploads\/2023\/10\/Nicos-Weg-als-Begleitung-zum-Kurs2-1024x470.png\" alt=\"\" class=\"wp-image-132\" srcset=\"https:\/\/www.ecovations.de\/wp-content\/uploads\/2023\/10\/Nicos-Weg-als-Begleitung-zum-Kurs2-1024x470.png 1024w, https:\/\/www.ecovations.de\/wp-content\/uploads\/2023\/10\/Nicos-Weg-als-Begleitung-zum-Kurs2-300x138.png 300w, https:\/\/www.ecovations.de\/wp-content\/uploads\/2023\/10\/Nicos-Weg-als-Begleitung-zum-Kurs2-768x352.png 768w, https:\/\/www.ecovations.de\/wp-content\/uploads\/2023\/10\/Nicos-Weg-als-Begleitung-zum-Kurs2.png 1218w\" sizes=\"auto, (max-width: 1024px) 100vw, 1024px\" \/><\/a><\/figure>\n\n\n\n<p>Es ist nur zu beachten, dass die Zielgruppe mit jungen Erwachsenen in diesem Fall eine sehr hohe Medienkompetenz aufweist und es gegen Ende einen starken Bezug zu Medizin und Gesundheitssystem gibt (da Healthcare IT Firma =&gt; Ankn\u00fcpfen an der Lebenswelt der Lernenden). F\u00fcr eine andere Zielgruppe kann es durchaus sein, dass das Format so nicht funktioniert.<\/p>\n\n\n\n<h3 class=\"wp-block-heading\">Weitere Infos f\u00fcr DaF-Lehrer<\/h3>\n\n\n\n<p>Weitere Artikel von mir rund um das Unterrichten von Deutsch als Fremdsprache findet ihr in der Kategorie <a href=\"https:\/\/www.ecovations.de\/index.php\/category\/language-learning\/german\/\">Language Learning &gt; German<\/a>. Zudem habe ich eine Seite zusammen gestellt, die versucht, alle <a href=\"https:\/\/www.ecovations.de\/index.php\/job-markets-for-german-teachers\/\">Jobm\u00e4rkte f\u00fcr DaF-Lehrer<\/a> zu systematisieren und zu verlinken. Erg\u00e4nzende Vorschl\u00e4ge oder so sind gerne Willkommen!<\/p>\n","protected":false},"excerpt":{"rendered":"<p>Ich habe das letzte halbe Jahr meine interessierten ausl\u00e4ndischen KollegInnen einmal die Woche in Deutsch unterrichten d\u00fcrfen. Als roter Faden und als Begleitmaterial diente die von der Deutschen Welle f\u00fcr alle kostenfrei bereit gestellte Telenovella Nico&#8217;s Weg auf Niveau B1. Die jeweiligen Themen wurden als Vorbereitung mitgegeben (flipped class room) und im Unterricht aufgegriffen und [&hellip;]<\/p>\n","protected":false},"author":1,"featured_media":0,"parent":0,"menu_order":0,"comment_status":"open","ping_status":"open","template":"","meta":{"ngg_post_thumbnail":0,"footnotes":""},"class_list":["post-2","page","type-page","status-publish","hentry"],"_links":{"self":[{"href":"https:\/\/www.ecovations.de\/index.php?rest_route=\/wp\/v2\/pages\/2","targetHints":{"allow":["GET"]}}],"collection":[{"href":"https:\/\/www.ecovations.de\/index.php?rest_route=\/wp\/v2\/pages"}],"about":[{"href":"https:\/\/www.ecovations.de\/index.php?rest_route=\/wp\/v2\/types\/page"}],"author":[{"embeddable":true,"href":"https:\/\/www.ecovations.de\/index.php?rest_route=\/wp\/v2\/users\/1"}],"replies":[{"embeddable":true,"href":"https:\/\/www.ecovations.de\/index.php?rest_route=%2Fwp%2Fv2%2Fcomments&post=2"}],"version-history":[{"count":14,"href":"https:\/\/www.ecovations.de\/index.php?rest_route=\/wp\/v2\/pages\/2\/revisions"}],"predecessor-version":[{"id":349,"href":"https:\/\/www.ecovations.de\/index.php?rest_route=\/wp\/v2\/pages\/2\/revisions\/349"}],"wp:attachment":[{"href":"https:\/\/www.ecovations.de\/index.php?rest_route=%2Fwp%2Fv2%2Fmedia&parent=2"}],"curies":[{"name":"wp","href":"https:\/\/api.w.org\/{rel}","templated":true}]}}